{"id":83,"date":"2025-08-04T15:19:13","date_gmt":"2025-08-04T15:19:13","guid":{"rendered":"https:\/\/chapelle.besanceuil.fr\/?page_id=83"},"modified":"2026-04-22T21:08:08","modified_gmt":"2026-04-22T21:08:08","slug":"pour-adherer-et-nous-aider-cest-ici","status":"publish","type":"page","link":"https:\/\/chapelle.besanceuil.fr\/index.php\/pour-adherer-et-nous-aider-cest-ici\/","title":{"rendered":"Pour adh\u00e9rer et nous aider , c&rsquo;est ici"},"content":{"rendered":"\n<p class=\"has-blue-color has-text-color has-link-color wp-elements-82a300e340e8eb694bd64fcfd3b11987\">Pour adh\u00e9rer \u00e0 notre association, cliquez sur la vignette ci dessous<\/p>\n\n\n\n<p><\/p>\n\n\n\n<figure class=\"wp-block-image size-large is-resized\"><a href=\"https:\/\/www.helloasso.com\/associations\/les-amis-de-la-chapelle-de-besanceuil\/adhesions\/adhesion-annee-2026\" target=\"_blank\" rel=\" noreferrer noopener\"><img loading=\"lazy\" decoding=\"async\" width=\"1024\" height=\"1024\" src=\"https:\/\/chapelle.besanceuil.fr\/wp-content\/uploads\/2025\/08\/Logo_AmisChapelleBesanceuil-1024x1024.jpg\" alt=\"\" class=\"wp-image-86\" style=\"width:213px;height:auto\" srcset=\"https:\/\/chapelle.besanceuil.fr\/wp-content\/uploads\/2025\/08\/Logo_AmisChapelleBesanceuil-1024x1024.jpg 1024w, https:\/\/chapelle.besanceuil.fr\/wp-content\/uploads\/2025\/08\/Logo_AmisChapelleBesanceuil-300x300.jpg 300w, https:\/\/chapelle.besanceuil.fr\/wp-content\/uploads\/2025\/08\/Logo_AmisChapelleBesanceuil-150x150.jpg 150w, https:\/\/chapelle.besanceuil.fr\/wp-content\/uploads\/2025\/08\/Logo_AmisChapelleBesanceuil-768x768.jpg 768w, https:\/\/chapelle.besanceuil.fr\/wp-content\/uploads\/2025\/08\/Logo_AmisChapelleBesanceuil-1536x1536.jpg 1536w, https:\/\/chapelle.besanceuil.fr\/wp-content\/uploads\/2025\/08\/Logo_AmisChapelleBesanceuil-2048x2048.jpg 2048w\" sizes=\"auto, (max-width: 1024px) 100vw, 1024px\" \/><\/a><\/figure>\n\n\n\n<p>Pour celles et ceux qui pr\u00e9f\u00e8rent, vous pouvez toujours nous r\u00e9gler par ch\u00e8que ou liquide.<\/p>\n","protected":false},"excerpt":{"rendered":"<p>Pour adh\u00e9rer \u00e0 notre association, cliquez sur la vignette ci dessous Pour celles et ceux qui pr\u00e9f\u00e8rent, vous pouvez toujours nous r\u00e9gler par ch\u00e8que ou liquide.<\/p>\n","protected":false},"author":2,"featured_media":48,"parent":0,"menu_order":0,"comment_status":"closed","ping_status":"closed","template":"","meta":{"footnotes":""},"class_list":["post-83","page","type-page","status-publish","has-post-thumbnail","hentry"],"_links":{"self":[{"href":"https:\/\/chapelle.besanceuil.fr\/index.php\/wp-json\/wp\/v2\/pages\/83","targetHints":{"allow":["GET"]}}],"collection":[{"href":"https:\/\/chapelle.besanceuil.fr\/index.php\/wp-json\/wp\/v2\/pages"}],"about":[{"href":"https:\/\/chapelle.besanceuil.fr\/index.php\/wp-json\/wp\/v2\/types\/page"}],"author":[{"embeddable":true,"href":"https:\/\/chapelle.besanceuil.fr\/index.php\/wp-json\/wp\/v2\/users\/2"}],"replies":[{"embeddable":true,"href":"https:\/\/chapelle.besanceuil.fr\/index.php\/wp-json\/wp\/v2\/comments?post=83"}],"version-history":[{"count":8,"href":"https:\/\/chapelle.besanceuil.fr\/index.php\/wp-json\/wp\/v2\/pages\/83\/revisions"}],"predecessor-version":[{"id":190,"href":"https:\/\/chapelle.besanceuil.fr\/index.php\/wp-json\/wp\/v2\/pages\/83\/revisions\/190"}],"wp:featuredmedia":[{"embeddable":true,"href":"https:\/\/chapelle.besanceuil.fr\/index.php\/wp-json\/wp\/v2\/media\/48"}],"wp:attachment":[{"href":"https:\/\/chapelle.besanceuil.fr\/index.php\/wp-json\/wp\/v2\/media?parent=83"}],"curies":[{"name":"wp","href":"https:\/\/api.w.org\/{rel}","templated":true}]}}