{"id":3,"date":"2025-07-16T20:05:17","date_gmt":"2025-07-16T20:05:17","guid":{"rendered":"https:\/\/chapelle.besanceuil.fr\/?page_id=3"},"modified":"2025-07-16T20:05:17","modified_gmt":"2025-07-16T20:05:17","slug":"privacy-policy","status":"publish","type":"page","link":"https:\/\/chapelle.besanceuil.fr\/index.php\/privacy-policy\/","title":{"rendered":"L&rsquo;association des amis de la chapelle de Besanceuil"},"content":{"rendered":"\n<h2 class=\"wp-block-heading\">Cette chapelle, situ\u00e9e dans le hameau de Besanceuil ,Commune de Bonnay-Saint Ythaire a \u00e9t\u00e9 acquise par la municipalit\u00e9 en 2025. L&rsquo;association cr\u00e9\u00e9e pour l&rsquo;occasion est charg\u00e9e de coordonner  la conservation, la r\u00e9novation, l&rsquo;entretien du b\u00e2timent et d&rsquo;assurer l&rsquo;animation et la promotion du site .<\/h2>\n\n\n\n<p>Vous trouverez dans ces pages  des informations sur les manifestations propos\u00e9es ainsi que des renseignements sur le site et son histoire.<\/p>\n\n\n\n<p>Vous pouvez nous contacter sur l&rsquo;adresse ci dessous pour toute demande de renseignements<\/p>\n\n\n\n<p>acbesanceuil@gmail.com<\/p>\n\n\n\n<figure class=\"wp-block-image size-large\"><img loading=\"lazy\" decoding=\"async\" width=\"1024\" height=\"683\" src=\"https:\/\/chapelle.besanceuil.fr\/wp-content\/uploads\/2025\/07\/DSCF3966-2-1024x683.jpg\" alt=\"\" class=\"wp-image-30\" srcset=\"https:\/\/chapelle.besanceuil.fr\/wp-content\/uploads\/2025\/07\/DSCF3966-2-1024x683.jpg 1024w, https:\/\/chapelle.besanceuil.fr\/wp-content\/uploads\/2025\/07\/DSCF3966-2-300x200.jpg 300w, https:\/\/chapelle.besanceuil.fr\/wp-content\/uploads\/2025\/07\/DSCF3966-2-768x512.jpg 768w, https:\/\/chapelle.besanceuil.fr\/wp-content\/uploads\/2025\/07\/DSCF3966-2-1536x1024.jpg 1536w, https:\/\/chapelle.besanceuil.fr\/wp-content\/uploads\/2025\/07\/DSCF3966-2-2048x1365.jpg 2048w\" sizes=\"auto, (max-width: 1024px) 100vw, 1024px\" \/><\/figure>\n","protected":false},"excerpt":{"rendered":"<p>Cette chapelle, situ\u00e9e dans le hameau de Besanceuil ,Commune de Bonnay-Saint Ythaire a \u00e9t\u00e9 acquise par la municipalit\u00e9 en 2025. L&rsquo;association cr\u00e9\u00e9e pour l&rsquo;occasion est charg\u00e9e de coordonner la conservation, la r\u00e9novation, l&rsquo;entretien du b\u00e2timent et d&rsquo;assurer l&rsquo;animation et la &hellip; <a href=\"https:\/\/chapelle.besanceuil.fr\/index.php\/privacy-policy\/\">Continue reading <span class=\"meta-nav\">&rarr;<\/span><\/a><\/p>\n","protected":false},"author":1,"featured_media":0,"parent":0,"menu_order":0,"comment_status":"closed","ping_status":"open","template":"","meta":{"footnotes":""},"class_list":["post-3","page","type-page","status-publish","hentry"],"_links":{"self":[{"href":"https:\/\/chapelle.besanceuil.fr\/index.php\/wp-json\/wp\/v2\/pages\/3","targetHints":{"allow":["GET"]}}],"collection":[{"href":"https:\/\/chapelle.besanceuil.fr\/index.php\/wp-json\/wp\/v2\/pages"}],"about":[{"href":"https:\/\/chapelle.besanceuil.fr\/index.php\/wp-json\/wp\/v2\/types\/page"}],"author":[{"embeddable":true,"href":"https:\/\/chapelle.besanceuil.fr\/index.php\/wp-json\/wp\/v2\/users\/1"}],"replies":[{"embeddable":true,"href":"https:\/\/chapelle.besanceuil.fr\/index.php\/wp-json\/wp\/v2\/comments?post=3"}],"version-history":[{"count":1,"href":"https:\/\/chapelle.besanceuil.fr\/index.php\/wp-json\/wp\/v2\/pages\/3\/revisions"}],"predecessor-version":[{"id":31,"href":"https:\/\/chapelle.besanceuil.fr\/index.php\/wp-json\/wp\/v2\/pages\/3\/revisions\/31"}],"wp:attachment":[{"href":"https:\/\/chapelle.besanceuil.fr\/index.php\/wp-json\/wp\/v2\/media?parent=3"}],"curies":[{"name":"wp","href":"https:\/\/api.w.org\/{rel}","templated":true}]}}